{"id":106,"date":"2016-03-31T07:25:16","date_gmt":"2016-03-31T07:25:16","guid":{"rendered":"http:\/\/stalden-solothurn.ch\/?page_id=106"},"modified":"2019-03-18T18:09:04","modified_gmt":"2019-03-18T18:09:04","slug":"kontakt-oeffnungszeiten","status":"publish","type":"page","link":"https:\/\/stage.stalden-solothurn.ch\/de\/meta\/kontakt-oeffnungszeiten\/","title":{"rendered":"Kontakt &#038; \u00d6ffnungszeiten"},"content":{"rendered":"<h2>Kontakt<\/h2>\n<p>Restaurant Catering Wein\u00a0Stalden<br \/>\nStalden 23<br \/>\n4500 Solothurn<br \/>\n032 517 95 00<br \/>\n<a href=\"mailto:essen@stalden-solothurn.ch\">essen@restaurant-stalden.ch<\/a><\/p>\n<h2>\u00d6ffnungszeiten<\/h2>\n<p>Sonntag &amp; Montag: geschlossen<br \/>\nF\u00fcr Gruppen auf Anfrage ge\u00f6ffnet<br \/>\nDienstag bis Freitag: 17.00 &#8211; 00.30 Uhr<br \/>\nSamstag: 09.00 &#8211; 14.30 17.00 &#8211; 00.30 Uhr<\/p>\n<p>&nbsp;<\/p>\n<p>&nbsp;<\/p>\n<h2><\/h2>\n","protected":false},"excerpt":{"rendered":"<p>Kontakt Restaurant Catering Wein\u00a0Stalden Stalden 23 4500 Solothurn 032 517 95 00 essen@restaurant-stalden.ch \u00d6ffnungszeiten Sonntag &amp; Montag: geschlossen F\u00fcr Gruppen auf Anfrage ge\u00f6ffnet Dienstag bis Freitag: 17.00 &#8211; 00.30 Uhr Samstag: 09.00 &#8211; 14.30 17.00 &#8211; 00.30 Uhr &nbsp; &nbsp;<\/p>\n","protected":false},"author":1,"featured_media":0,"parent":104,"menu_order":1,"comment_status":"closed","ping_status":"closed","template":"","meta":[],"_links":{"self":[{"href":"https:\/\/stage.stalden-solothurn.ch\/de\/wp-json\/wp\/v2\/pages\/106"}],"collection":[{"href":"https:\/\/stage.stalden-solothurn.ch\/de\/wp-json\/wp\/v2\/pages"}],"about":[{"href":"https:\/\/stage.stalden-solothurn.ch\/de\/wp-json\/wp\/v2\/types\/page"}],"author":[{"embeddable":true,"href":"https:\/\/stage.stalden-solothurn.ch\/de\/wp-json\/wp\/v2\/users\/1"}],"replies":[{"embeddable":true,"href":"https:\/\/stage.stalden-solothurn.ch\/de\/wp-json\/wp\/v2\/comments?post=106"}],"version-history":[{"count":12,"href":"https:\/\/stage.stalden-solothurn.ch\/de\/wp-json\/wp\/v2\/pages\/106\/revisions"}],"predecessor-version":[{"id":1180,"href":"https:\/\/stage.stalden-solothurn.ch\/de\/wp-json\/wp\/v2\/pages\/106\/revisions\/1180"}],"up":[{"embeddable":true,"href":"https:\/\/stage.stalden-solothurn.ch\/de\/wp-json\/wp\/v2\/pages\/104"}],"wp:attachment":[{"href":"https:\/\/stage.stalden-solothurn.ch\/de\/wp-json\/wp\/v2\/media?parent=106"}],"curies":[{"name":"wp","href":"https:\/\/api.w.org\/{rel}","templated":true}]}}