{"id":12,"date":"2015-12-21T14:35:24","date_gmt":"2015-12-21T14:35:24","guid":{"rendered":"http:\/\/stalden-solothurn.ch\/?page_id=12"},"modified":"2019-03-23T00:44:43","modified_gmt":"2019-03-23T00:44:43","slug":"credo","status":"publish","type":"page","link":"https:\/\/stage.stalden-solothurn.ch\/de\/restaurant\/credo\/","title":{"rendered":"Credo"},"content":{"rendered":"<h2><span style=\"font-family: sans-serif; font-size: x-large;\"><b>K\u00fcche<\/b><\/span><\/h2>\n<p><span style=\"font-family: sans-serif; font-size: medium;\">Nachhaltig Saisonal Frisch<\/span><\/p>\n<p><span style=\"font-family: sans-serif; font-size: medium;\">Esther Bucher K\u00fcchenchefin und Co Gesch\u00e4ftsf\u00fchrerin am Stalden liebt eine schn\u00f6rkellose K\u00fcche.<br \/>\nDen Geschmack guter Produkte durch einfache Zubereitung hervorheben ist ihr Ziel.<br \/>\n<\/span><\/p>\n<h2><span style=\"font-family: sans-serif; font-size: x-large;\"><b>Keller<\/b><\/span><\/h2>\n<p><span style=\"font-family: sans-serif; font-size: medium;\">Burgund Piemont<\/span><\/p>\n<p><span style=\"font-family: sans-serif; font-size: medium;\">Franz Sch\u00e4fer Gesch\u00e4ftsf\u00fchrer am Stalden beschr\u00e4nkt sich bewusst auf diese beiden Anbaugebiete.<br \/>\nBeide Gebiete zeichnen sich durch elegante Weine mit einem guten Trinkfluss aus.<br \/>\nAlle Weine importieren wir direkt von den Produzenten.<\/span><\/p>\n<p>&nbsp;<\/p>\n<p><span style=\"font-family: sans-serif; font-size: medium;\">Sie k\u00f6nnen entscheiden, wo Sie geniessen wollen.<br \/>\nBei uns im Restaurant, bei Ihnen Zuhause oder an einem Ort, den Sie ausw\u00e4hlen.<\/span><\/p>\n<p><span style=\"font-family: sans-serif; font-size: medium;\">Esther Bucher &amp; Franz Sch\u00e4fer<br \/>\nSolothurn<\/span><\/p>\n","protected":false},"excerpt":{"rendered":"<p>K\u00fcche Nachhaltig Saisonal Frisch Esther Bucher K\u00fcchenchefin und Co Gesch\u00e4ftsf\u00fchrerin am Stalden liebt eine schn\u00f6rkellose K\u00fcche. Den Geschmack guter Produkte durch einfache Zubereitung hervorheben ist ihr Ziel. Keller Burgund Piemont Franz Sch\u00e4fer Gesch\u00e4ftsf\u00fchrer am Stalden beschr\u00e4nkt sich bewusst auf diese beiden Anbaugebiete. Beide Gebiete zeichnen sich durch elegante Weine mit einem guten Trinkfluss aus. Alle [&hellip;]<\/p>\n","protected":false},"author":1,"featured_media":0,"parent":10,"menu_order":1,"comment_status":"closed","ping_status":"closed","template":"","meta":[],"_links":{"self":[{"href":"https:\/\/stage.stalden-solothurn.ch\/de\/wp-json\/wp\/v2\/pages\/12"}],"collection":[{"href":"https:\/\/stage.stalden-solothurn.ch\/de\/wp-json\/wp\/v2\/pages"}],"about":[{"href":"https:\/\/stage.stalden-solothurn.ch\/de\/wp-json\/wp\/v2\/types\/page"}],"author":[{"embeddable":true,"href":"https:\/\/stage.stalden-solothurn.ch\/de\/wp-json\/wp\/v2\/users\/1"}],"replies":[{"embeddable":true,"href":"https:\/\/stage.stalden-solothurn.ch\/de\/wp-json\/wp\/v2\/comments?post=12"}],"version-history":[{"count":18,"href":"https:\/\/stage.stalden-solothurn.ch\/de\/wp-json\/wp\/v2\/pages\/12\/revisions"}],"predecessor-version":[{"id":1208,"href":"https:\/\/stage.stalden-solothurn.ch\/de\/wp-json\/wp\/v2\/pages\/12\/revisions\/1208"}],"up":[{"embeddable":true,"href":"https:\/\/stage.stalden-solothurn.ch\/de\/wp-json\/wp\/v2\/pages\/10"}],"wp:attachment":[{"href":"https:\/\/stage.stalden-solothurn.ch\/de\/wp-json\/wp\/v2\/media?parent=12"}],"curies":[{"name":"wp","href":"https:\/\/api.w.org\/{rel}","templated":true}]}}