{"id":22,"date":"2015-12-21T16:17:52","date_gmt":"2015-12-21T16:17:52","guid":{"rendered":"http:\/\/stalden-solothurn.ch\/?page_id=22"},"modified":"2019-06-18T18:28:25","modified_gmt":"2019-06-18T18:28:25","slug":"menu","status":"publish","type":"page","link":"https:\/\/stage.stalden-solothurn.ch\/de\/restaurant\/menu\/","title":{"rendered":"Speisekarte"},"content":{"rendered":"<h3>Liebe geht durch den Magen<\/h3>\n<p>Gerne mediterran,\u00a0\u00a0vielf\u00e4ltig orientalisch, bodenst\u00e4ndig schweizerisch oder klassisch franz\u00f6sisch.<br \/>\nImmer frisch. Einfach gut.<br \/>\n<img decoding=\"async\" loading=\"lazy\" class=\"alignnone size-medium wp-image-1201\" src=\"https:\/\/stage.stalden-solothurn.ch\/wp-content\/uploads\/IMG_8228-e1553204639256-450x600.jpg\" alt=\"Restaurant Solothurn, Essen Solothurn\" width=\"450\" height=\"600\" srcset=\"https:\/\/stage.stalden-solothurn.ch\/wp-content\/uploads\/IMG_8228-e1553204639256-450x600.jpg 450w, https:\/\/stage.stalden-solothurn.ch\/wp-content\/uploads\/IMG_8228-e1553204639256-150x200.jpg 150w, https:\/\/stage.stalden-solothurn.ch\/wp-content\/uploads\/IMG_8228-e1553204639256-1536x2048.jpg 1536w\" sizes=\"(max-width: 450px) 100vw, 450px\" \/><\/p>\n<h3><\/h3>\n","protected":false},"excerpt":{"rendered":"<p>Liebe geht durch den Magen Gerne mediterran,\u00a0\u00a0vielf\u00e4ltig orientalisch, bodenst\u00e4ndig schweizerisch oder klassisch franz\u00f6sisch. Immer frisch. Einfach gut.<\/p>\n","protected":false},"author":2,"featured_media":0,"parent":10,"menu_order":2,"comment_status":"closed","ping_status":"closed","template":"","meta":[],"_links":{"self":[{"href":"https:\/\/stage.stalden-solothurn.ch\/de\/wp-json\/wp\/v2\/pages\/22"}],"collection":[{"href":"https:\/\/stage.stalden-solothurn.ch\/de\/wp-json\/wp\/v2\/pages"}],"about":[{"href":"https:\/\/stage.stalden-solothurn.ch\/de\/wp-json\/wp\/v2\/types\/page"}],"author":[{"embeddable":true,"href":"https:\/\/stage.stalden-solothurn.ch\/de\/wp-json\/wp\/v2\/users\/2"}],"replies":[{"embeddable":true,"href":"https:\/\/stage.stalden-solothurn.ch\/de\/wp-json\/wp\/v2\/comments?post=22"}],"version-history":[{"count":131,"href":"https:\/\/stage.stalden-solothurn.ch\/de\/wp-json\/wp\/v2\/pages\/22\/revisions"}],"predecessor-version":[{"id":1214,"href":"https:\/\/stage.stalden-solothurn.ch\/de\/wp-json\/wp\/v2\/pages\/22\/revisions\/1214"}],"up":[{"embeddable":true,"href":"https:\/\/stage.stalden-solothurn.ch\/de\/wp-json\/wp\/v2\/pages\/10"}],"wp:attachment":[{"href":"https:\/\/stage.stalden-solothurn.ch\/de\/wp-json\/wp\/v2\/media?parent=22"}],"curies":[{"name":"wp","href":"https:\/\/api.w.org\/{rel}","templated":true}]}}