{"id":287,"date":"2016-04-26T14:51:41","date_gmt":"2016-04-26T14:51:41","guid":{"rendered":"http:\/\/stalden-solothurn.ch\/?page_id=287"},"modified":"2019-03-18T17:54:49","modified_gmt":"2019-03-18T17:54:49","slug":"terrasse","status":"publish","type":"page","link":"https:\/\/stage.stalden-solothurn.ch\/de\/restaurant\/terrasse\/","title":{"rendered":"Terrasse"},"content":{"rendered":"<h3>Gartenterrasse<\/h3>\n<p><img decoding=\"async\" loading=\"lazy\" class=\"alignnone size-medium wp-image-673\" src=\"http:\/\/stage.stalden-solothurn.ch\/wp-content\/uploads\/IMG_2258-e1485607233219-600x450.jpg\" alt=\"img_2258\" width=\"600\" height=\"450\" srcset=\"https:\/\/stage.stalden-solothurn.ch\/wp-content\/uploads\/IMG_2258-e1485607233219-600x450.jpg 600w, https:\/\/stage.stalden-solothurn.ch\/wp-content\/uploads\/IMG_2258-e1485607233219-200x150.jpg 200w, https:\/\/stage.stalden-solothurn.ch\/wp-content\/uploads\/IMG_2258-e1485607233219-2048x1536.jpg 2048w\" sizes=\"(max-width: 600px) 100vw, 600px\" \/><\/p>\n<p>F\u00fchlen Sie sich in unserem Garten in der Solothurner Altstadt wie auf den Champs-Elys\u00e9es. Unsere Fauteuils aus der \u00e4ltesten Manufaktur Frankreichs sind seit 1885 handgemacht, klassisch und wunderbar bequem.<\/p>\n<p>\u00dcberzeugen Sie sich und verbringen Sie\u00a0laue Sommerabende mit erfrischenden Aperitifs, feinem Wein und schmackhaftem Essen\u00a0auf unserer lauschigen Terrasse.<\/p>\n","protected":false},"excerpt":{"rendered":"<p>Gartenterrasse F\u00fchlen Sie sich in unserem Garten in der Solothurner Altstadt wie auf den Champs-Elys\u00e9es. Unsere Fauteuils aus der \u00e4ltesten Manufaktur Frankreichs sind seit 1885 handgemacht, klassisch und wunderbar bequem. \u00dcberzeugen Sie sich und verbringen Sie\u00a0laue Sommerabende mit erfrischenden Aperitifs, feinem Wein und schmackhaftem Essen\u00a0auf unserer lauschigen Terrasse.<\/p>\n","protected":false},"author":2,"featured_media":0,"parent":10,"menu_order":4,"comment_status":"closed","ping_status":"closed","template":"","meta":[],"_links":{"self":[{"href":"https:\/\/stage.stalden-solothurn.ch\/de\/wp-json\/wp\/v2\/pages\/287"}],"collection":[{"href":"https:\/\/stage.stalden-solothurn.ch\/de\/wp-json\/wp\/v2\/pages"}],"about":[{"href":"https:\/\/stage.stalden-solothurn.ch\/de\/wp-json\/wp\/v2\/types\/page"}],"author":[{"embeddable":true,"href":"https:\/\/stage.stalden-solothurn.ch\/de\/wp-json\/wp\/v2\/users\/2"}],"replies":[{"embeddable":true,"href":"https:\/\/stage.stalden-solothurn.ch\/de\/wp-json\/wp\/v2\/comments?post=287"}],"version-history":[{"count":10,"href":"https:\/\/stage.stalden-solothurn.ch\/de\/wp-json\/wp\/v2\/pages\/287\/revisions"}],"predecessor-version":[{"id":1166,"href":"https:\/\/stage.stalden-solothurn.ch\/de\/wp-json\/wp\/v2\/pages\/287\/revisions\/1166"}],"up":[{"embeddable":true,"href":"https:\/\/stage.stalden-solothurn.ch\/de\/wp-json\/wp\/v2\/pages\/10"}],"wp:attachment":[{"href":"https:\/\/stage.stalden-solothurn.ch\/de\/wp-json\/wp\/v2\/media?parent=287"}],"curies":[{"name":"wp","href":"https:\/\/api.w.org\/{rel}","templated":true}]}}