{"id":32,"date":"2016-03-03T14:23:00","date_gmt":"2016-03-03T14:23:00","guid":{"rendered":"http:\/\/stalden-solothurn.ch\/?page_id=32"},"modified":"2019-03-21T23:23:25","modified_gmt":"2019-03-21T23:23:25","slug":"angebot","status":"publish","type":"page","link":"https:\/\/stage.stalden-solothurn.ch\/de\/catering\/angebot\/","title":{"rendered":"Angebot"},"content":{"rendered":"<h2>WIR LIEBEN GUTES ESSEN<\/h2>\n<p>Stalden Catering Solothurn steht f\u00fcr Kreativit\u00e4t,\u00a0hervorragenden Geschmack,\u00a0perfekte Organisation und vollen Einsatz.<\/p>\n<p>Darauf d\u00fcrfen Sie sich als Gastgeber verlassen. Egal ob Sie das Essen bei uns abholen oder wir gross f\u00fcr Sie anrichten.<\/p>\n<p>Nur frische Produkte\u00a0werden mit viel Liebe zum Detail ganz nach Ihren W\u00fcnschen zubereitet. Gerne mediterran,\u00a0\u00a0vielf\u00e4ltig orientalisch, bodenst\u00e4ndig schweizerisch oder klassisch franz\u00f6sisch.<\/p>\n<p>Stalden Catering schmeckt immer ausgezeichnet.<\/p>\n<p>Damit Sie eine Idee bekommen wie und was wir kochen haben wir ein paar Beispiele f\u00fcr Sie zusammengestellt.<\/p>\n<p>Gerne erstellen wir gemeinsam mit Ihnen eine f\u00fcr Sie massgeschneiderte Offerte.<br \/>\n<img decoding=\"async\" loading=\"lazy\" class=\"alignnone size-medium wp-image-399\" src=\"http:\/\/stage.stalden-solothurn.ch\/wp-content\/uploads\/IMG_0492-1-600x450.jpg\" alt=\"IMG_0492\" width=\"600\" height=\"450\" srcset=\"https:\/\/stage.stalden-solothurn.ch\/wp-content\/uploads\/IMG_0492-1-600x450.jpg 600w, https:\/\/stage.stalden-solothurn.ch\/wp-content\/uploads\/IMG_0492-1-200x150.jpg 200w, https:\/\/stage.stalden-solothurn.ch\/wp-content\/uploads\/IMG_0492-1-2048x1536.jpg 2048w\" sizes=\"(max-width: 600px) 100vw, 600px\" \/><\/p>\n<p>&nbsp;<\/p>\n","protected":false},"excerpt":{"rendered":"<p>WIR LIEBEN GUTES ESSEN Stalden Catering Solothurn steht f\u00fcr Kreativit\u00e4t,\u00a0hervorragenden Geschmack,\u00a0perfekte Organisation und vollen Einsatz. Darauf d\u00fcrfen Sie sich als Gastgeber verlassen. Egal ob Sie das Essen bei uns abholen oder wir gross f\u00fcr Sie anrichten. Nur frische Produkte\u00a0werden mit viel Liebe zum Detail ganz nach Ihren W\u00fcnschen zubereitet. Gerne mediterran,\u00a0\u00a0vielf\u00e4ltig orientalisch, bodenst\u00e4ndig schweizerisch oder [&hellip;]<\/p>\n","protected":false},"author":2,"featured_media":0,"parent":30,"menu_order":0,"comment_status":"closed","ping_status":"closed","template":"","meta":[],"_links":{"self":[{"href":"https:\/\/stage.stalden-solothurn.ch\/de\/wp-json\/wp\/v2\/pages\/32"}],"collection":[{"href":"https:\/\/stage.stalden-solothurn.ch\/de\/wp-json\/wp\/v2\/pages"}],"about":[{"href":"https:\/\/stage.stalden-solothurn.ch\/de\/wp-json\/wp\/v2\/types\/page"}],"author":[{"embeddable":true,"href":"https:\/\/stage.stalden-solothurn.ch\/de\/wp-json\/wp\/v2\/users\/2"}],"replies":[{"embeddable":true,"href":"https:\/\/stage.stalden-solothurn.ch\/de\/wp-json\/wp\/v2\/comments?post=32"}],"version-history":[{"count":54,"href":"https:\/\/stage.stalden-solothurn.ch\/de\/wp-json\/wp\/v2\/pages\/32\/revisions"}],"predecessor-version":[{"id":1205,"href":"https:\/\/stage.stalden-solothurn.ch\/de\/wp-json\/wp\/v2\/pages\/32\/revisions\/1205"}],"up":[{"embeddable":true,"href":"https:\/\/stage.stalden-solothurn.ch\/de\/wp-json\/wp\/v2\/pages\/30"}],"wp:attachment":[{"href":"https:\/\/stage.stalden-solothurn.ch\/de\/wp-json\/wp\/v2\/media?parent=32"}],"curies":[{"name":"wp","href":"https:\/\/api.w.org\/{rel}","templated":true}]}}