{"id":42,"date":"2016-03-03T14:28:35","date_gmt":"2016-03-03T14:28:35","guid":{"rendered":"http:\/\/stalden-solothurn.ch\/?page_id=42"},"modified":"2019-03-18T17:55:12","modified_gmt":"2019-03-18T17:55:12","slug":"weinkarte","status":"publish","type":"page","link":"https:\/\/stage.stalden-solothurn.ch\/de\/restaurant\/weinkarte\/","title":{"rendered":"Weinkarte"},"content":{"rendered":"<h3>Weinkarte<\/h3>\n<p><img decoding=\"async\" loading=\"lazy\" class=\"alignnone size-medium wp-image-1137\" src=\"https:\/\/stage.stalden-solothurn.ch\/wp-content\/uploads\/IMG_8198-600x450.jpg\" alt=\"Burgund Wein, Staldenwein, Weinkeller Solothurn\" width=\"600\" height=\"450\" srcset=\"https:\/\/stage.stalden-solothurn.ch\/wp-content\/uploads\/IMG_8198-600x450.jpg 600w, https:\/\/stage.stalden-solothurn.ch\/wp-content\/uploads\/IMG_8198-200x150.jpg 200w, https:\/\/stage.stalden-solothurn.ch\/wp-content\/uploads\/IMG_8198-2048x1536.jpg 2048w\" sizes=\"(max-width: 600px) 100vw, 600px\" \/><\/p>\n<p>Guter Wein liegt uns sehr am Herzen. Dank unserem Restaurant k\u00f6nnen wir diese Passion mit Ihnen teilen. Wir freuen uns, Ihnen auf unserer Weinkarte viele Weine vorzustellen,die Sie vielleicht noch nicht kennen. Gerne beraten wir Sie bei der Auswahl.<br \/>\nDie meisten Weine stammen aus dem Piemont und dem Burgund. Beides sind klassische Anbaugebiete.\u00a0 Bekannt sind sowohl das Burgund wie auch das Piemont f\u00fcr Ihre finessenreichen Weine. Und die schmecken mir besonders.<br \/>\nWir importieren alles unsere Weine selber. Wir kennen alle Winzer pers\u00f6nlich und mit manchen verbindet uns mittlerweile eine Freundschaft.<br \/>\nDeshalb haben wir eine ausserordentliche Auswahl an wirklich trinkreifen Burgunderweinen zu sehr fairen Preisen.<br \/>\nNichts ist Massenware, alles sind urspr\u00fcngliche Naturprodukte.<\/p>\n<p>Es macht Spass, Ihnen diese Weine hier zu pr\u00e4sentieren und wir hoffen, sie schmecken Ihnen genauso gut wie uns.<\/p>\n<p>Wir f\u00fchren auch ein Weingesch\u00e4ft in unserem Weinkeller und alle Weine, k\u00f6nnen Sie bei uns zu Ladenpreisen kaufen oder direkt online bei <a href=\"https:\/\/staldenwein.ch\/\" target=\"_blank\">Staldenwein<\/a> bestellen.<\/p>\n<p><a href=\"https:\/\/stage.stalden-solothurn.ch\/wp-content\/uploads\/Weinkarte-M\u00e4rz-2019.pdf\" target=\"_blank\">weinkarte-maerz-2019<\/a><\/p>\n<p>&nbsp;<\/p>\n<p>&nbsp;<\/p>\n","protected":false},"excerpt":{"rendered":"<p>Weinkarte Guter Wein liegt uns sehr am Herzen. Dank unserem Restaurant k\u00f6nnen wir diese Passion mit Ihnen teilen. Wir freuen uns, Ihnen auf unserer Weinkarte viele Weine vorzustellen,die Sie vielleicht noch nicht kennen. Gerne beraten wir Sie bei der Auswahl. Die meisten Weine stammen aus dem Piemont und dem Burgund. Beides sind klassische Anbaugebiete.\u00a0 Bekannt [&hellip;]<\/p>\n","protected":false},"author":2,"featured_media":0,"parent":10,"menu_order":3,"comment_status":"closed","ping_status":"closed","template":"","meta":[],"_links":{"self":[{"href":"https:\/\/stage.stalden-solothurn.ch\/de\/wp-json\/wp\/v2\/pages\/42"}],"collection":[{"href":"https:\/\/stage.stalden-solothurn.ch\/de\/wp-json\/wp\/v2\/pages"}],"about":[{"href":"https:\/\/stage.stalden-solothurn.ch\/de\/wp-json\/wp\/v2\/types\/page"}],"author":[{"embeddable":true,"href":"https:\/\/stage.stalden-solothurn.ch\/de\/wp-json\/wp\/v2\/users\/2"}],"replies":[{"embeddable":true,"href":"https:\/\/stage.stalden-solothurn.ch\/de\/wp-json\/wp\/v2\/comments?post=42"}],"version-history":[{"count":33,"href":"https:\/\/stage.stalden-solothurn.ch\/de\/wp-json\/wp\/v2\/pages\/42\/revisions"}],"predecessor-version":[{"id":1167,"href":"https:\/\/stage.stalden-solothurn.ch\/de\/wp-json\/wp\/v2\/pages\/42\/revisions\/1167"}],"up":[{"embeddable":true,"href":"https:\/\/stage.stalden-solothurn.ch\/de\/wp-json\/wp\/v2\/pages\/10"}],"wp:attachment":[{"href":"https:\/\/stage.stalden-solothurn.ch\/de\/wp-json\/wp\/v2\/media?parent=42"}],"curies":[{"name":"wp","href":"https:\/\/api.w.org\/{rel}","templated":true}]}}