{"id":68,"date":"2016-03-28T15:57:52","date_gmt":"2016-03-28T15:57:52","guid":{"rendered":"http:\/\/stalden-solothurn.ch\/?page_id=68"},"modified":"2019-03-18T18:00:15","modified_gmt":"2019-03-18T18:00:15","slug":"weinkeller","status":"publish","type":"page","link":"https:\/\/stage.stalden-solothurn.ch\/de\/restaurant\/weinkeller\/","title":{"rendered":"Weinkeller Solothurn"},"content":{"rendered":"<h3>Weinkeller<\/h3>\n<p><img decoding=\"async\" loading=\"lazy\" class=\"alignnone wp-image-820 size-medium\" src=\"http:\/\/stage.stalden-solothurn.ch\/wp-content\/uploads\/IMG_4773-600x450.jpg\" alt=\"Weinkeller, Solothurn, Restaurant Stalden\" width=\"600\" height=\"450\" srcset=\"https:\/\/stage.stalden-solothurn.ch\/wp-content\/uploads\/IMG_4773-600x450.jpg 600w, https:\/\/stage.stalden-solothurn.ch\/wp-content\/uploads\/IMG_4773-200x150.jpg 200w, https:\/\/stage.stalden-solothurn.ch\/wp-content\/uploads\/IMG_4773.jpg 1600w\" sizes=\"(max-width: 600px) 100vw, 600px\" \/><\/p>\n<p>Geniessen Sie Weine aus dem Burgund oder dem Piemont und K\u00f6stlichkeiten aus der Stalden K\u00fcche bei stilvollem Kerzenlicht.Wir organisieren f\u00fcr Sie und Ihre G\u00e4ste Weindegustationen, Aperitifs und Diners. Ganz nach Ihren W\u00fcnschen. Gerne k\u00f6nnen Sie auch Ihren Aperitif vor dem Abendessen bei uns im Weinkeller geniessen.<\/p>\n<p>S\u00e4mtliche Weine, k\u00f6nnen Sie in unserem Weinkeller anschauen und zu Ladenpreisen kaufen oder online bei <a href=\"https:\/\/staldenwein.ch\/\" target=\"_blank\">Staldenwein<\/a> bestellen.<\/p>\n<p>Unser Weinladen in Solothurn ist von Dienstag bis Freitag immer ab 17.00 Uhr und am Samstag ab 09.00 Uhr f\u00fcr Sie ge\u00f6ffnet, oder nach Vereinbarung.<\/p>\n<p><img decoding=\"async\" loading=\"lazy\" class=\"alignnone size-medium wp-image-935\" src=\"http:\/\/stage.stalden-solothurn.ch\/wp-content\/uploads\/IMG_5533-600x450.jpg\" alt=\"img_5533\" width=\"600\" height=\"450\" srcset=\"https:\/\/stage.stalden-solothurn.ch\/wp-content\/uploads\/IMG_5533-600x450.jpg 600w, https:\/\/stage.stalden-solothurn.ch\/wp-content\/uploads\/IMG_5533-200x150.jpg 200w, https:\/\/stage.stalden-solothurn.ch\/wp-content\/uploads\/IMG_5533-2048x1536.jpg 2048w\" sizes=\"(max-width: 600px) 100vw, 600px\" \/><\/p>\n<p><a href=\"https:\/\/stage.stalden-solothurn.ch\/wp-content\/uploads\/Weinkarte-M\u00e4rz-2019.pdf\" target=\"_blank\">weinkarte-maerz-2019<\/a><\/p>\n<p>&nbsp;<\/p>\n<p>&nbsp;<\/p>\n<p>&nbsp;<\/p>\n","protected":false},"excerpt":{"rendered":"<p>Weinkeller Geniessen Sie Weine aus dem Burgund oder dem Piemont und K\u00f6stlichkeiten aus der Stalden K\u00fcche bei stilvollem Kerzenlicht.Wir organisieren f\u00fcr Sie und Ihre G\u00e4ste Weindegustationen, Aperitifs und Diners. Ganz nach Ihren W\u00fcnschen. Gerne k\u00f6nnen Sie auch Ihren Aperitif vor dem Abendessen bei uns im Weinkeller geniessen. S\u00e4mtliche Weine, k\u00f6nnen Sie in unserem Weinkeller anschauen [&hellip;]<\/p>\n","protected":false},"author":2,"featured_media":0,"parent":10,"menu_order":6,"comment_status":"closed","ping_status":"closed","template":"","meta":[],"_links":{"self":[{"href":"https:\/\/stage.stalden-solothurn.ch\/de\/wp-json\/wp\/v2\/pages\/68"}],"collection":[{"href":"https:\/\/stage.stalden-solothurn.ch\/de\/wp-json\/wp\/v2\/pages"}],"about":[{"href":"https:\/\/stage.stalden-solothurn.ch\/de\/wp-json\/wp\/v2\/types\/page"}],"author":[{"embeddable":true,"href":"https:\/\/stage.stalden-solothurn.ch\/de\/wp-json\/wp\/v2\/users\/2"}],"replies":[{"embeddable":true,"href":"https:\/\/stage.stalden-solothurn.ch\/de\/wp-json\/wp\/v2\/comments?post=68"}],"version-history":[{"count":31,"href":"https:\/\/stage.stalden-solothurn.ch\/de\/wp-json\/wp\/v2\/pages\/68\/revisions"}],"predecessor-version":[{"id":1172,"href":"https:\/\/stage.stalden-solothurn.ch\/de\/wp-json\/wp\/v2\/pages\/68\/revisions\/1172"}],"up":[{"embeddable":true,"href":"https:\/\/stage.stalden-solothurn.ch\/de\/wp-json\/wp\/v2\/pages\/10"}],"wp:attachment":[{"href":"https:\/\/stage.stalden-solothurn.ch\/de\/wp-json\/wp\/v2\/media?parent=68"}],"curies":[{"name":"wp","href":"https:\/\/api.w.org\/{rel}","templated":true}]}}