{"id":70,"date":"2016-03-28T15:58:37","date_gmt":"2016-03-28T15:58:37","guid":{"rendered":"http:\/\/stalden-solothurn.ch\/?page_id=70"},"modified":"2019-03-18T17:57:35","modified_gmt":"2019-03-18T17:57:35","slug":"saeli","status":"publish","type":"page","link":"https:\/\/stage.stalden-solothurn.ch\/de\/restaurant\/saeli\/","title":{"rendered":"Altstadts\u00e4li"},"content":{"rendered":"<h3>Altstadts\u00e4li<\/h3>\n<p><img decoding=\"async\" loading=\"lazy\" class=\"alignnone wp-image-125\" src=\"http:\/\/stage.stalden-solothurn.ch\/wp-content\/uploads\/151-e1459447251804-378x600.jpg\" alt=\"151\" width=\"200\" height=\"317\" srcset=\"https:\/\/stage.stalden-solothurn.ch\/wp-content\/uploads\/151-e1459447251804-378x600.jpg 378w, https:\/\/stage.stalden-solothurn.ch\/wp-content\/uploads\/151-e1459447251804-126x200.jpg 126w, https:\/\/stage.stalden-solothurn.ch\/wp-content\/uploads\/151-e1459447251804.jpg 1008w\" sizes=\"(max-width: 200px) 100vw, 200px\" \/><\/p>\n<p>Hier im ersten Stock hat schon meine Grossmutter zu Tisch gebeten. Ihre K\u00e4sek\u00fcchlein waren immer ein H\u00f6hepunkt f\u00fcr mich.<\/p>\n<p>Unser Solothurner Altstadt S\u00e4li bietet Platz f\u00fcr maximal 20 Personen, Kronleuchter inklusive. Der ideale Ort um gem\u00fctlich in Solothurn zu feiern oder eine Sitzung mit einem feinen Essen zu verbinden.<\/p>\n<p>F\u00fcr gr\u00f6ssere Festivit\u00e4ten eignet sich unser Restaurant im Parterre bestens bis 40 Personen. Im Sommer ganz besonders, dann \u00f6ffnet sich unser Restaurant zur Terrasse hin und Sie k\u00f6nnen ein- und ausgehen wie Sie wollen.<br \/>\nAn allen anderen Orten bewirten wir Ihre G\u00e4ste mit unserem Catering.<\/p>\n<p><a href=\"http:\/\/stage.stalden-solothurn.ch\/wp-content\/uploads\/Fr\u00fchlingsmenus-2017.pdf\">fruehlingsmenus-2017<\/a><\/p>\n<p>&nbsp;<\/p>\n<p>&nbsp;<\/p>\n","protected":false},"excerpt":{"rendered":"<p>Altstadts\u00e4li Hier im ersten Stock hat schon meine Grossmutter zu Tisch gebeten. Ihre K\u00e4sek\u00fcchlein waren immer ein H\u00f6hepunkt f\u00fcr mich. Unser Solothurner Altstadt S\u00e4li bietet Platz f\u00fcr maximal 20 Personen, Kronleuchter inklusive. Der ideale Ort um gem\u00fctlich in Solothurn zu feiern oder eine Sitzung mit einem feinen Essen zu verbinden. F\u00fcr gr\u00f6ssere Festivit\u00e4ten eignet sich [&hellip;]<\/p>\n","protected":false},"author":2,"featured_media":0,"parent":10,"menu_order":5,"comment_status":"closed","ping_status":"closed","template":"","meta":[],"_links":{"self":[{"href":"https:\/\/stage.stalden-solothurn.ch\/de\/wp-json\/wp\/v2\/pages\/70"}],"collection":[{"href":"https:\/\/stage.stalden-solothurn.ch\/de\/wp-json\/wp\/v2\/pages"}],"about":[{"href":"https:\/\/stage.stalden-solothurn.ch\/de\/wp-json\/wp\/v2\/types\/page"}],"author":[{"embeddable":true,"href":"https:\/\/stage.stalden-solothurn.ch\/de\/wp-json\/wp\/v2\/users\/2"}],"replies":[{"embeddable":true,"href":"https:\/\/stage.stalden-solothurn.ch\/de\/wp-json\/wp\/v2\/comments?post=70"}],"version-history":[{"count":21,"href":"https:\/\/stage.stalden-solothurn.ch\/de\/wp-json\/wp\/v2\/pages\/70\/revisions"}],"predecessor-version":[{"id":1170,"href":"https:\/\/stage.stalden-solothurn.ch\/de\/wp-json\/wp\/v2\/pages\/70\/revisions\/1170"}],"up":[{"embeddable":true,"href":"https:\/\/stage.stalden-solothurn.ch\/de\/wp-json\/wp\/v2\/pages\/10"}],"wp:attachment":[{"href":"https:\/\/stage.stalden-solothurn.ch\/de\/wp-json\/wp\/v2\/media?parent=70"}],"curies":[{"name":"wp","href":"https:\/\/api.w.org\/{rel}","templated":true}]}}