{"id":87,"date":"2016-03-29T18:23:28","date_gmt":"2016-03-29T18:23:28","guid":{"rendered":"http:\/\/stalden-solothurn.ch\/?page_id=87"},"modified":"2019-03-21T12:38:48","modified_gmt":"2019-03-21T12:38:48","slug":"locations","status":"publish","type":"page","link":"https:\/\/stage.stalden-solothurn.ch\/de\/catering\/locations\/","title":{"rendered":"Locations"},"content":{"rendered":"<h3>Wo immer Sie feiern m\u00f6chten<\/h3>\n<p><img decoding=\"async\" loading=\"lazy\" class=\"alignnone size-medium wp-image-151\" src=\"https:\/\/stage.stalden-solothurn.ch\/wp-content\/uploads\/IMG00014-20101106-1134-e1459455140845-600x554.jpg\" alt=\"Catering, Catering Solohturn, Catering Bern\" width=\"600\" height=\"554\" srcset=\"https:\/\/stage.stalden-solothurn.ch\/wp-content\/uploads\/IMG00014-20101106-1134-e1459455140845-600x554.jpg 600w, https:\/\/stage.stalden-solothurn.ch\/wp-content\/uploads\/IMG00014-20101106-1134-e1459455140845-200x185.jpg 200w, https:\/\/stage.stalden-solothurn.ch\/wp-content\/uploads\/IMG00014-20101106-1134-e1459455140845.jpg 1474w\" sizes=\"(max-width: 600px) 100vw, 600px\" \/><\/p>\n<p>Wir machen Ihr Fest \u00fcberall zum einzigartigen Erlebnis.<br \/>\nWenn es kein Wald sein soll haben wir anschliessend ein paar Vorschl\u00e4ge, wo wir \u00f6fters anzutreffen sind.<\/p>\n<h3>Haus der Kunst St. Josef in Solothurn<\/h3>\n<p><img decoding=\"async\" loading=\"lazy\" class=\"alignnone size-medium wp-image-368\" src=\"http:\/\/stage.stalden-solothurn.ch\/wp-content\/uploads\/IMG_2107-600x450.jpg\" alt=\"IMG_2107\" width=\"600\" height=\"450\" srcset=\"https:\/\/stage.stalden-solothurn.ch\/wp-content\/uploads\/IMG_2107-600x450.jpg 600w, https:\/\/stage.stalden-solothurn.ch\/wp-content\/uploads\/IMG_2107-200x150.jpg 200w, https:\/\/stage.stalden-solothurn.ch\/wp-content\/uploads\/IMG_2107-2048x1536.jpg 2048w\" sizes=\"(max-width: 600px) 100vw, 600px\" \/><\/p>\n<p>Das <a href=\"http:\/\/www.hausderkunst.ch\/\" target=\"_blank\">Haus der Kunst St. Josef<\/a> eignet sich f\u00fcr alle Arten von rauschenden Festen und wir freuen uns jedesmal, wenn wir dort kochen d\u00fcrfen.<\/p>\n<h3>Tropenhalle Waibel in Solothurn<\/h3>\n<p><img decoding=\"async\" loading=\"lazy\" class=\"alignnone size-medium wp-image-337\" src=\"http:\/\/stage.stalden-solothurn.ch\/wp-content\/uploads\/IMG_2049-600x450.jpg\" alt=\"IMG_2049\" width=\"600\" height=\"450\" srcset=\"https:\/\/stage.stalden-solothurn.ch\/wp-content\/uploads\/IMG_2049-600x450.jpg 600w, https:\/\/stage.stalden-solothurn.ch\/wp-content\/uploads\/IMG_2049-200x150.jpg 200w, https:\/\/stage.stalden-solothurn.ch\/wp-content\/uploads\/IMG_2049-2048x1536.jpg 2048w\" sizes=\"(max-width: 600px) 100vw, 600px\" \/><\/p>\n<p>In der <a href=\"http:\/\/www.tropenhalle.ch\/\" target=\"_blank\">Tropenhalle<\/a> sind wir oft zu Gast. Es ist zu jeder Jahreszeit speziell unter Palmen zu kochen und zu tafeln.<\/p>\n<h3>Bel Etage in Solothurn<\/h3>\n<p><img decoding=\"async\" loading=\"lazy\" class=\"alignnone size-medium wp-image-815\" src=\"http:\/\/stage.stalden-solothurn.ch\/wp-content\/uploads\/IMG_4968-e1517584252363-450x600.jpg\" alt=\"img_4968\" width=\"450\" height=\"600\" srcset=\"https:\/\/stage.stalden-solothurn.ch\/wp-content\/uploads\/IMG_4968-e1517584252363-450x600.jpg 450w, https:\/\/stage.stalden-solothurn.ch\/wp-content\/uploads\/IMG_4968-e1517584252363-150x200.jpg 150w, https:\/\/stage.stalden-solothurn.ch\/wp-content\/uploads\/IMG_4968-e1517584252363-1536x2048.jpg 1536w\" sizes=\"(max-width: 450px) 100vw, 450px\" \/><\/p>\n<p>Die <a href=\"http:\/\/www.beletage-so.ch\/\" target=\"_blank\">Bel Etage<\/a> bei Kerzen Jeger inmitten der Solothurner Altstadt ist ein wunderbarer Ort f\u00fcr Ihre ganz spezielle Feier.<\/p>\n<h3>Pulverhaus Bellach<\/h3>\n<p><img decoding=\"async\" loading=\"lazy\" class=\"alignnone size-medium wp-image-370\" src=\"http:\/\/stage.stalden-solothurn.ch\/wp-content\/uploads\/IMG_0486-450x600.jpg\" alt=\"IMG_0486\" width=\"450\" height=\"600\" srcset=\"https:\/\/stage.stalden-solothurn.ch\/wp-content\/uploads\/IMG_0486-450x600.jpg 450w, https:\/\/stage.stalden-solothurn.ch\/wp-content\/uploads\/IMG_0486-150x200.jpg 150w, https:\/\/stage.stalden-solothurn.ch\/wp-content\/uploads\/IMG_0486-1536x2048.jpg 1536w\" sizes=\"(max-width: 450px) 100vw, 450px\" \/><\/p>\n<p>Im <a href=\"http:\/\/www.bellach.ch\/Gemeinde_Bellach\/Festlokalit%C3%A4ten\" target=\"_blank\">Pulverhaus<\/a> in Bellach wird es oft besonders sp\u00e4t. Hier sagen sich Fuchs und Hase Gute Nacht und der n\u00e4chste Anwohner wohnt hinter den Geleisen.<\/p>\n<h3>Von R\u00fctte Gut in Sutz Lattrigen<\/h3>\n<h3><img decoding=\"async\" loading=\"lazy\" class=\"alignnone size-medium wp-image-399\" src=\"http:\/\/stage.stalden-solothurn.ch\/wp-content\/uploads\/IMG_0492-1-600x450.jpg\" alt=\"IMG_0492\" width=\"600\" height=\"450\" srcset=\"https:\/\/stage.stalden-solothurn.ch\/wp-content\/uploads\/IMG_0492-1-600x450.jpg 600w, https:\/\/stage.stalden-solothurn.ch\/wp-content\/uploads\/IMG_0492-1-200x150.jpg 200w, https:\/\/stage.stalden-solothurn.ch\/wp-content\/uploads\/IMG_0492-1-2048x1536.jpg 2048w\" sizes=\"(max-width: 600px) 100vw, 600px\" \/><\/h3>\n<p>Das <a href=\"http:\/\/www.vonruettegut.ch\/\" target=\"_blank\">Von R\u00fctte Gut<\/a> eignet sich nicht nur f\u00fcr Hochzeiten. Es ist in Sutz Lattrigen idyllisch direkt am Bielersee gelegen.<\/p>\n","protected":false},"excerpt":{"rendered":"<p>Wo immer Sie feiern m\u00f6chten Wir machen Ihr Fest \u00fcberall zum einzigartigen Erlebnis. Wenn es kein Wald sein soll haben wir anschliessend ein paar Vorschl\u00e4ge, wo wir \u00f6fters anzutreffen sind. Haus der Kunst St. Josef in Solothurn Das Haus der Kunst St. Josef eignet sich f\u00fcr alle Arten von rauschenden Festen und wir freuen uns [&hellip;]<\/p>\n","protected":false},"author":2,"featured_media":0,"parent":30,"menu_order":0,"comment_status":"closed","ping_status":"closed","template":"","meta":[],"_links":{"self":[{"href":"https:\/\/stage.stalden-solothurn.ch\/de\/wp-json\/wp\/v2\/pages\/87"}],"collection":[{"href":"https:\/\/stage.stalden-solothurn.ch\/de\/wp-json\/wp\/v2\/pages"}],"about":[{"href":"https:\/\/stage.stalden-solothurn.ch\/de\/wp-json\/wp\/v2\/types\/page"}],"author":[{"embeddable":true,"href":"https:\/\/stage.stalden-solothurn.ch\/de\/wp-json\/wp\/v2\/users\/2"}],"replies":[{"embeddable":true,"href":"https:\/\/stage.stalden-solothurn.ch\/de\/wp-json\/wp\/v2\/comments?post=87"}],"version-history":[{"count":36,"href":"https:\/\/stage.stalden-solothurn.ch\/de\/wp-json\/wp\/v2\/pages\/87\/revisions"}],"predecessor-version":[{"id":1191,"href":"https:\/\/stage.stalden-solothurn.ch\/de\/wp-json\/wp\/v2\/pages\/87\/revisions\/1191"}],"up":[{"embeddable":true,"href":"https:\/\/stage.stalden-solothurn.ch\/de\/wp-json\/wp\/v2\/pages\/30"}],"wp:attachment":[{"href":"https:\/\/stage.stalden-solothurn.ch\/de\/wp-json\/wp\/v2\/media?parent=87"}],"curies":[{"name":"wp","href":"https:\/\/api.w.org\/{rel}","templated":true}]}}